{"id":807,"date":"2019-08-31T15:32:22","date_gmt":"2019-08-31T13:32:22","guid":{"rendered":"https:\/\/ponovnouporabi.si\/rabljeni-predmeti\/"},"modified":"2020-06-01T14:50:30","modified_gmt":"2020-06-01T12:50:30","slug":"oggetti-usati","status":"publish","type":"page","link":"https:\/\/ponovnouporabi.si\/it\/oggetti-usati\/","title":{"rendered":"Oggetti usati"},"content":{"rendered":"<p><section class=\"kc-elm kc_row\"><div class=\" container\"><div class=\"row\"><div class=\"kc-elm column col-12 col-sm-12\"><div class=\"kc-col-container\"><div class=\"kc-elm kc-raw-code\">Sample Code<\/div><div class=\"kc-elm kc-raw-code\">Sample Code<\/div><\/div><\/div><\/div><\/div><\/section><section class=\"kc-elm kc_row\"><div class=\" container\"><div class=\"row\"><div class=\"kc-elm column col-12 col-sm-12\"><div class=\"kc-col-container\">\n<div class=\"kc-elm kc-title-wrap \">\n\n\t<h1 class=\"kc_title\">The Title<\/h1>\n<\/div>\n\n<div class=\"kc-elm\">\n\t<a class=\"kc_button\" href=\"#\" onclick=\"\">\n\t\tText Button\t<\/a>\n<\/div>\n<\/div><\/div><div class=\"kc-elm column col-12 col-sm-12\"><div class=\"kc-col-container\"><\/div><\/div><\/div><\/div><\/section><\/p>\n","protected":false},"excerpt":{"rendered":"","protected":false},"author":12,"featured_media":368,"parent":0,"menu_order":0,"comment_status":"closed","ping_status":"closed","template":"page-templates\/fullwidthpage.php","meta":{"_acf_changed":false,"footnotes":""},"class_list":["post-807","page","type-page","status-publish","has-post-thumbnail","hentry"],"acf":[],"yoast_head":"<!-- This site is optimized with the Yoast SEO plugin v26.8 - https:\/\/yoast.com\/product\/yoast-seo-wordpress\/ -->\n<title>Oggetti usati &#8226; Centro Oggetti Recuperabili<\/title>\n<meta name=\"description\" content=\"Sample CodeSample Code The Title  Text Button\" \/>\n<meta name=\"robots\" content=\"index, follow, max-snippet:-1, max-image-preview:large, max-video-preview:-1\" \/>\n<link rel=\"canonical\" href=\"https:\/\/ponovnouporabi.si\/rabljeni-predmeti\/\" \/>\n<meta property=\"og:locale\" content=\"it_IT\" \/>\n<meta property=\"og:type\" content=\"article\" \/>\n<meta property=\"og:title\" content=\"Oggetti usati &#8226; Centro Oggetti Recuperabili\" \/>\n<meta property=\"og:description\" content=\"Sample CodeSample Code The Title  Text Button\" \/>\n<meta property=\"og:url\" content=\"https:\/\/ponovnouporabi.si\/rabljeni-predmeti\/\" \/>\n<meta property=\"og:site_name\" content=\"Centro Oggetti Recuperabili\" \/>\n<meta property=\"article:modified_time\" content=\"2020-06-01T12:50:30+00:00\" \/>\n<meta property=\"og:image\" content=\"https:\/\/ponovnouporabi.si\/wp-content\/uploads\/2019\/09\/art_1.png\" \/>\n\t<meta property=\"og:image:width\" content=\"694\" \/>\n\t<meta property=\"og:image:height\" content=\"520\" \/>\n\t<meta property=\"og:image:type\" content=\"image\/png\" \/>\n<meta name=\"twitter:card\" content=\"summary_large_image\" \/>\n<script type=\"application\/ld+json\" class=\"yoast-schema-graph\">{\"@context\":\"https:\/\/schema.org\",\"@graph\":[{\"@type\":\"WebPage\",\"@id\":\"https:\/\/ponovnouporabi.si\/rabljeni-predmeti\/\",\"url\":\"https:\/\/ponovnouporabi.si\/rabljeni-predmeti\/\",\"name\":\"Oggetti usati &#8226; Centro Oggetti Recuperabili\",\"isPartOf\":{\"@id\":\"https:\/\/ponovnouporabi.si\/#website\"},\"primaryImageOfPage\":{\"@id\":\"https:\/\/ponovnouporabi.si\/rabljeni-predmeti\/#primaryimage\"},\"image\":{\"@id\":\"https:\/\/ponovnouporabi.si\/rabljeni-predmeti\/#primaryimage\"},\"thumbnailUrl\":\"https:\/\/ponovnouporabi.si\/wp-content\/uploads\/2019\/09\/art_1.png\",\"datePublished\":\"2019-08-31T13:32:22+00:00\",\"dateModified\":\"2020-06-01T12:50:30+00:00\",\"description\":\"Sample CodeSample Code The Title Text Button\",\"breadcrumb\":{\"@id\":\"https:\/\/ponovnouporabi.si\/rabljeni-predmeti\/#breadcrumb\"},\"inLanguage\":\"it-IT\",\"potentialAction\":[{\"@type\":\"ReadAction\",\"target\":[\"https:\/\/ponovnouporabi.si\/rabljeni-predmeti\/\"]}]},{\"@type\":\"ImageObject\",\"inLanguage\":\"it-IT\",\"@id\":\"https:\/\/ponovnouporabi.si\/rabljeni-predmeti\/#primaryimage\",\"url\":\"https:\/\/ponovnouporabi.si\/wp-content\/uploads\/2019\/09\/art_1.png\",\"contentUrl\":\"https:\/\/ponovnouporabi.si\/wp-content\/uploads\/2019\/09\/art_1.png\",\"width\":694,\"height\":520},{\"@type\":\"BreadcrumbList\",\"@id\":\"https:\/\/ponovnouporabi.si\/rabljeni-predmeti\/#breadcrumb\",\"itemListElement\":[{\"@type\":\"ListItem\",\"position\":1,\"name\":\"Home\",\"item\":\"https:\/\/ponovnouporabi.si\/\"},{\"@type\":\"ListItem\",\"position\":2,\"name\":\"Oggetti usati\"}]},{\"@type\":\"WebSite\",\"@id\":\"https:\/\/ponovnouporabi.si\/#website\",\"url\":\"https:\/\/ponovnouporabi.si\/\",\"name\":\"Centro Oggetti Recuperabili\",\"description\":\"Lep\u0161e kot prinese\u0161, lep\u0161e tudi odnese\u0161\",\"publisher\":{\"@id\":\"https:\/\/ponovnouporabi.si\/#organization\"},\"potentialAction\":[{\"@type\":\"SearchAction\",\"target\":{\"@type\":\"EntryPoint\",\"urlTemplate\":\"https:\/\/ponovnouporabi.si\/?s={search_term_string}\"},\"query-input\":{\"@type\":\"PropertyValueSpecification\",\"valueRequired\":true,\"valueName\":\"search_term_string\"}}],\"inLanguage\":\"it-IT\"},{\"@type\":\"Organization\",\"@id\":\"https:\/\/ponovnouporabi.si\/#organization\",\"name\":\"Center uporabnih predmetov\",\"url\":\"https:\/\/ponovnouporabi.si\/\",\"logo\":{\"@type\":\"ImageObject\",\"inLanguage\":\"it-IT\",\"@id\":\"https:\/\/ponovnouporabi.si\/#\/schema\/logo\/image\/\",\"url\":\"https:\/\/ponovnouporabi.si\/wp-content\/uploads\/2020\/06\/cup.png\",\"contentUrl\":\"https:\/\/ponovnouporabi.si\/wp-content\/uploads\/2020\/06\/cup.png\",\"width\":512,\"height\":512,\"caption\":\"Center uporabnih predmetov\"},\"image\":{\"@id\":\"https:\/\/ponovnouporabi.si\/#\/schema\/logo\/image\/\"},\"sameAs\":[\"https:\/\/www.instagram.com\/cup_izola\/\"]}]}<\/script>\n<!-- \/ Yoast SEO plugin. -->","yoast_head_json":{"title":"Oggetti usati &#8226; Centro Oggetti Recuperabili","description":"Sample CodeSample Code The Title  Text Button","robots":{"index":"index","follow":"follow","max-snippet":"max-snippet:-1","max-image-preview":"max-image-preview:large","max-video-preview":"max-video-preview:-1"},"canonical":"https:\/\/ponovnouporabi.si\/rabljeni-predmeti\/","og_locale":"it_IT","og_type":"article","og_title":"Oggetti usati &#8226; Centro Oggetti Recuperabili","og_description":"Sample CodeSample Code The Title  Text Button","og_url":"https:\/\/ponovnouporabi.si\/rabljeni-predmeti\/","og_site_name":"Centro Oggetti Recuperabili","article_modified_time":"2020-06-01T12:50:30+00:00","og_image":[{"width":694,"height":520,"url":"https:\/\/ponovnouporabi.si\/wp-content\/uploads\/2019\/09\/art_1.png","type":"image\/png"}],"twitter_card":"summary_large_image","schema":{"@context":"https:\/\/schema.org","@graph":[{"@type":"WebPage","@id":"https:\/\/ponovnouporabi.si\/rabljeni-predmeti\/","url":"https:\/\/ponovnouporabi.si\/rabljeni-predmeti\/","name":"Oggetti usati &#8226; Centro Oggetti Recuperabili","isPartOf":{"@id":"https:\/\/ponovnouporabi.si\/#website"},"primaryImageOfPage":{"@id":"https:\/\/ponovnouporabi.si\/rabljeni-predmeti\/#primaryimage"},"image":{"@id":"https:\/\/ponovnouporabi.si\/rabljeni-predmeti\/#primaryimage"},"thumbnailUrl":"https:\/\/ponovnouporabi.si\/wp-content\/uploads\/2019\/09\/art_1.png","datePublished":"2019-08-31T13:32:22+00:00","dateModified":"2020-06-01T12:50:30+00:00","description":"Sample CodeSample Code The Title Text Button","breadcrumb":{"@id":"https:\/\/ponovnouporabi.si\/rabljeni-predmeti\/#breadcrumb"},"inLanguage":"it-IT","potentialAction":[{"@type":"ReadAction","target":["https:\/\/ponovnouporabi.si\/rabljeni-predmeti\/"]}]},{"@type":"ImageObject","inLanguage":"it-IT","@id":"https:\/\/ponovnouporabi.si\/rabljeni-predmeti\/#primaryimage","url":"https:\/\/ponovnouporabi.si\/wp-content\/uploads\/2019\/09\/art_1.png","contentUrl":"https:\/\/ponovnouporabi.si\/wp-content\/uploads\/2019\/09\/art_1.png","width":694,"height":520},{"@type":"BreadcrumbList","@id":"https:\/\/ponovnouporabi.si\/rabljeni-predmeti\/#breadcrumb","itemListElement":[{"@type":"ListItem","position":1,"name":"Home","item":"https:\/\/ponovnouporabi.si\/"},{"@type":"ListItem","position":2,"name":"Oggetti usati"}]},{"@type":"WebSite","@id":"https:\/\/ponovnouporabi.si\/#website","url":"https:\/\/ponovnouporabi.si\/","name":"Centro Oggetti Recuperabili","description":"Lep\u0161e kot prinese\u0161, lep\u0161e tudi odnese\u0161","publisher":{"@id":"https:\/\/ponovnouporabi.si\/#organization"},"potentialAction":[{"@type":"SearchAction","target":{"@type":"EntryPoint","urlTemplate":"https:\/\/ponovnouporabi.si\/?s={search_term_string}"},"query-input":{"@type":"PropertyValueSpecification","valueRequired":true,"valueName":"search_term_string"}}],"inLanguage":"it-IT"},{"@type":"Organization","@id":"https:\/\/ponovnouporabi.si\/#organization","name":"Center uporabnih predmetov","url":"https:\/\/ponovnouporabi.si\/","logo":{"@type":"ImageObject","inLanguage":"it-IT","@id":"https:\/\/ponovnouporabi.si\/#\/schema\/logo\/image\/","url":"https:\/\/ponovnouporabi.si\/wp-content\/uploads\/2020\/06\/cup.png","contentUrl":"https:\/\/ponovnouporabi.si\/wp-content\/uploads\/2020\/06\/cup.png","width":512,"height":512,"caption":"Center uporabnih predmetov"},"image":{"@id":"https:\/\/ponovnouporabi.si\/#\/schema\/logo\/image\/"},"sameAs":["https:\/\/www.instagram.com\/cup_izola\/"]}]}},"_links":{"self":[{"href":"https:\/\/ponovnouporabi.si\/it\/wp-json\/wp\/v2\/pages\/807","targetHints":{"allow":["GET"]}}],"collection":[{"href":"https:\/\/ponovnouporabi.si\/it\/wp-json\/wp\/v2\/pages"}],"about":[{"href":"https:\/\/ponovnouporabi.si\/it\/wp-json\/wp\/v2\/types\/page"}],"author":[{"embeddable":true,"href":"https:\/\/ponovnouporabi.si\/it\/wp-json\/wp\/v2\/users\/12"}],"replies":[{"embeddable":true,"href":"https:\/\/ponovnouporabi.si\/it\/wp-json\/wp\/v2\/comments?post=807"}],"version-history":[{"count":0,"href":"https:\/\/ponovnouporabi.si\/it\/wp-json\/wp\/v2\/pages\/807\/revisions"}],"wp:featuredmedia":[{"embeddable":true,"href":"https:\/\/ponovnouporabi.si\/it\/wp-json\/wp\/v2\/media\/368"}],"wp:attachment":[{"href":"https:\/\/ponovnouporabi.si\/it\/wp-json\/wp\/v2\/media?parent=807"}],"curies":[{"name":"wp","href":"https:\/\/api.w.org\/{rel}","templated":true}]}}