{"id":801,"date":"2019-08-31T15:32:05","date_gmt":"2019-08-31T13:32:05","guid":{"rendered":"https:\/\/ponovnouporabi.si\/oddaj-rabljen-predmet\/"},"modified":"2020-06-01T13:42:34","modified_gmt":"2020-06-01T11:42:34","slug":"consegna-un-oggetto-usato","status":"publish","type":"page","link":"https:\/\/ponovnouporabi.si\/it\/consegna-un-oggetto-usato\/","title":{"rendered":"Consegna un oggetto usato"},"content":{"rendered":"<p><section class=\"kc-elm kc_row\"><div class=\" container\"><div class=\"row\"><div class=\"kc-elm column col-12 col-sm-12\"><div class=\"kc-col-container\"><div class=\"kc-elm kc_text_block\"><\/p>\n<h4>CUP v MESTU, na Muz\u010devi ulici 7 v Izoli sprejema manj\u0161e predmete za vsakdanjo rabo in sicer:<\/h4>\n<p><strong>OBLA\u010cILA<\/strong>, ki naj bodo dobro ohranjena, \u010dista in v dobrem stanju \u2013 taka, kot bi si jih \u017eeleli tudi sami dobiti. Sprejemamo \u017eenska, mo\u0161ka in otro\u0161ka obla\u010dila.<\/p>\n<p>Med <strong>MODNE DODATKE<\/strong> sodijo: \u010devlji, torbe in torbice, pokrivala, pasovi, nakit, ro\u010dne ure in o\u010dala.<\/p>\n<p>Med <strong>KUHINJSKE PRIPOMO\u010cKE<\/strong> sodijo: kro\u017eniki, skodelice, pribor, lonci, porcelan, mali kuhinjski aparati, predpasniki, prti in vse, kar pripomore k pripravi slastnih in zdravih obrokov.<\/p>\n<p><strong>\u0160PORTNA OPREMA<\/strong>, od rolerjev do koles, ute\u017ei, dresov in \u0161\u010ditnikov. Vsi pripomo\u010dki, ki omogo\u010dijo zdrav \u017eivljenjski slog naj bodo v dobrem stanju in \u010disti.<\/p>\n<p>V CUP-u v mestu sprejemamo zgolj <strong>MAJHNO POHI\u0160TVO<\/strong> zaradi prostorskih omejitev: stolice, male mizice in omarice, dobrodo\u0161le pa so tudi lu\u010di, slike, vaze in ostali dekorativni program, ki lahko sivo stanovanje prelevi v topel dom.<\/p>\n<p>V CUP v mestu lahko prinesete vse vrste <strong>IGRA\u010c<\/strong> od pli\u0161astih igra\u010d do Barbik, od sestavljank do pametnih igra\u010d. V CUP-u v MESTU sprejemamo tudi vso otro\u0161ko opremo kot npr. vozi\u010dke, stol\u010dke in nahrbtnike. Ve\u010dje igra\u010de, kot npr. vrtna igrala sprejemamo v enoti CUP na Zbirnem centru.<\/p>\n<p>V CUP-u v MESTU sprejemamo tudi <strong>KNJIGE<\/strong>.<\/p>\n<h4>Uporabnike vabimo, da prinesejo \u010diste in nepo\u0161kodovane predmete (obla\u010dila naj bodo tudi zlikana) ter jim tako omogo\u010dijo nadaljnjo uporabo.<\/h4>\n<p>Oddaja manj\u0161ih predmetov v enoti CUP v MESTU je na voljo za vse prebivalce obalnih ob\u010din ter tudi za tuje obiskovalce.<\/p>\n<h2>Oddaja ve\u010djega rabljenega predmeta<\/h2>\n<p>Oddaja ve\u010djih rabljenih predmetov, kot npr. pohi\u0161tvo, bela tehnika, televizorji, se izvaja na enoti CUP \u2013 Zbirni center in je namenjena izklju\u010dno uporabnikom storitev ravnanja z odpadki v ob\u010dini Izola. Rabljene predmete lahko na zbirni center pripeljete osebno, vsak delavnik med 8. in 15. uro.<\/p>\n<p>Z izpolnitvijo spodnjega obrazca omogo\u010dite predmetom ve\u010djo vidljivost in sledljivost.<\/p>\n<p>Vsaka fizi\u010dna oseba, ki je pla\u010dnik storitev ravnanja z odpadki v ob\u010dini Izola, ima mo\u017enost dvakrat-letno brezpla\u010dno naro\u010diti zabojnik velikosti 5m3 za odvoz kosovnih odpadkov.<\/p>\n<p>\n<\/div><div class=\"clear\"><\/div>\r\n<div class=\"mod-id- kc-elm kc-raw-code emigma-gform\">\r\n    <p class=\"gform_not_found\">Oops! Non \u00e8 stato possibile trovare il tuo modulo.<\/p><\/div>\r\n<div class=\"clear\"><\/div>\r\n\r\n\r\n\r\n\r\n<\/div><\/div><\/div><\/div><\/section><section class=\"kc-elm kc_row\"><div class=\" container\"><div class=\"row\"><div class=\"kc-elm column col-12 col-sm-12\"><div class=\"kc-col-container\">\n<div class=\"kc-elm kc-title-wrap \">\n\n\t<h1 class=\"kc_title\">The Title<\/h1>\n<\/div>\n<\/div><\/div><\/div><\/div><\/section><section class=\"kc-elm kc_row\"><div class=\" container\"><div class=\"row\"><div class=\"kc-elm column col-12 col-sm-12\"><div class=\"kc-col-container\"><div class=\"clear\"><\/div>\n<div class=\"mod-id- kc-elm kc-raw-code emigma-icon-box-outer\">\n    <div class=\"layout-grid-3\">\n            <\/div>\n<\/div>\n\n\n\n<div class=\"clear\"><\/div>\n<\/div><\/div><\/div><\/div><\/section><section class=\"kc-elm kc_row\"><div class=\" container\"><div class=\"row\"><div class=\"kc-elm column col-12 col-sm-12\"><div class=\"kc-col-container\"><div class=\"kc-elm kc_text_block\"><\/p>\n<h4>Gli utenti sono gentilmente invitati a portare al COR articoli puliti e non danneggiati (i capi d\u2019abbigliamento devono essere anche stirati) per cos\u00ec consentirne il riutilizzo.<\/h4>\n<p>La consegna di oggetti di dimensioni limitate al COR in CITT\u00c0 \u00e8 concessa ai cittadini di tutti i comuni costieri come pure ai visitatori stranieri.<\/p>\n<p>\n<\/div><\/div><\/div><\/div><\/div><\/section><section class=\"kc-elm kc_row\"><div class=\" container\"><div class=\"row\"><div class=\"kc-elm column col-12 col-sm-12\"><div class=\"kc-col-container\"><div class=\"kc-elm kc_text_block\"><\/p>\n<h2>Consegna di oggetti usati voluminosi<\/h2>\n<p>Gli oggetti usati voluminosi o ingombranti come pezzi di arredamento, elettrodomestici, televisori ecc. devono essere consegnati alla sede del Centro Oggetti Recuperabili situata presso il Centro di raccolta. La consegna di tali oggetti \u00e8 consentita ai soli utenti del servizio di trattamento dei rifiuti urbani nel comune di Isola. Il Centro \u00e8 aperto al pubblico ogni giorno lavorativo dalle 8.00 alle 15.00.<\/p>\n<p>Con la compilazione del modulo sottostante viene garantita una maggiore visibilit\u00e0 e tracciabilit\u00e0 degli oggetti.<\/p>\n<p>Ogni persona fisica che sia titolare della bolletta per il servizio di trattamento dei rifiuti nel comune di Isola ha il diritto a due ordinazioni gratuite annue del contenitore da 5 m<sup>3<\/sup> per l\u2019asporto dei rifiuti ingombranti.<\/p>\n<p>\n<\/div><\/div><\/div><\/div><\/div><\/section><section class=\"kc-elm kc_row\"><div class=\" container\"><div class=\"row\"><div class=\"kc-elm column col-12 col-sm-12\"><div class=\"kc-col-container\"><div class=\"clear\"><\/div>\r\n<div class=\"mod-id- kc-elm kc-raw-code emigma-gform\">\r\n    <p class=\"gform_not_found\">Oops! Non \u00e8 stato possibile trovare il tuo modulo.<\/p><\/div>\r\n<div class=\"clear\"><\/div>\r\n\r\n\r\n\r\n\r\n<\/div><\/div><\/div><\/div><\/section><\/p>\n","protected":false},"excerpt":{"rendered":"","protected":false},"author":12,"featured_media":0,"parent":0,"menu_order":0,"comment_status":"closed","ping_status":"closed","template":"","meta":{"_acf_changed":false,"footnotes":""},"class_list":["post-801","page","type-page","status-publish","hentry"],"acf":[],"yoast_head":"<!-- This site is optimized with the Yoast SEO plugin v26.8 - https:\/\/yoast.com\/product\/yoast-seo-wordpress\/ -->\n<title>Consegna un oggetto usato &#8226; Centro Oggetti Recuperabili<\/title>\n<meta name=\"description\" content=\"CUP v MESTU, na Muz\u010devi ulici 7 v Izoli sprejema manj\u0161e predmete za vsakdanjo rabo in sicer:OBLA\u010cILA, ki naj bodo dobro ohranjena, \u010dista in v dobrem\" \/>\n<meta name=\"robots\" content=\"index, follow, max-snippet:-1, max-image-preview:large, max-video-preview:-1\" \/>\n<link rel=\"canonical\" href=\"https:\/\/ponovnouporabi.si\/oddaj-rabljen-predmet\/\" \/>\n<meta property=\"og:locale\" content=\"it_IT\" \/>\n<meta property=\"og:type\" content=\"article\" \/>\n<meta property=\"og:title\" content=\"Consegna un oggetto usato &#8226; Centro Oggetti Recuperabili\" \/>\n<meta property=\"og:description\" content=\"CUP v MESTU, na Muz\u010devi ulici 7 v Izoli sprejema manj\u0161e predmete za vsakdanjo rabo in sicer:OBLA\u010cILA, ki naj bodo dobro ohranjena, \u010dista in v dobrem\" \/>\n<meta property=\"og:url\" content=\"https:\/\/ponovnouporabi.si\/oddaj-rabljen-predmet\/\" \/>\n<meta property=\"og:site_name\" content=\"Centro Oggetti Recuperabili\" \/>\n<meta property=\"article:modified_time\" content=\"2020-06-01T11:42:34+00:00\" \/>\n<meta property=\"og:image\" content=\"https:\/\/ponovnouporabi.si\/wp-content\/uploads\/2019\/09\/bg2.png\" \/>\n\t<meta property=\"og:image:width\" content=\"732\" \/>\n\t<meta property=\"og:image:height\" content=\"428\" \/>\n\t<meta property=\"og:image:type\" content=\"image\/png\" \/>\n<meta name=\"twitter:card\" content=\"summary_large_image\" \/>\n<meta name=\"twitter:label1\" content=\"Tempo di lettura stimato\" \/>\n\t<meta name=\"twitter:data1\" content=\"3 minuti\" \/>\n<script type=\"application\/ld+json\" class=\"yoast-schema-graph\">{\"@context\":\"https:\/\/schema.org\",\"@graph\":[{\"@type\":\"WebPage\",\"@id\":\"https:\/\/ponovnouporabi.si\/oddaj-rabljen-predmet\/\",\"url\":\"https:\/\/ponovnouporabi.si\/oddaj-rabljen-predmet\/\",\"name\":\"Consegna un oggetto usato &#8226; Centro Oggetti Recuperabili\",\"isPartOf\":{\"@id\":\"https:\/\/ponovnouporabi.si\/#website\"},\"datePublished\":\"2019-08-31T13:32:05+00:00\",\"dateModified\":\"2020-06-01T11:42:34+00:00\",\"description\":\"CUP v MESTU, na Muz\u010devi ulici 7 v Izoli sprejema manj\u0161e predmete za vsakdanjo rabo in sicer:OBLA\u010cILA, ki naj bodo dobro ohranjena, \u010dista in v dobrem\",\"breadcrumb\":{\"@id\":\"https:\/\/ponovnouporabi.si\/oddaj-rabljen-predmet\/#breadcrumb\"},\"inLanguage\":\"it-IT\",\"potentialAction\":[{\"@type\":\"ReadAction\",\"target\":[\"https:\/\/ponovnouporabi.si\/oddaj-rabljen-predmet\/\"]}]},{\"@type\":\"BreadcrumbList\",\"@id\":\"https:\/\/ponovnouporabi.si\/oddaj-rabljen-predmet\/#breadcrumb\",\"itemListElement\":[{\"@type\":\"ListItem\",\"position\":1,\"name\":\"Home\",\"item\":\"https:\/\/ponovnouporabi.si\/\"},{\"@type\":\"ListItem\",\"position\":2,\"name\":\"Consegna un oggetto usato\"}]},{\"@type\":\"WebSite\",\"@id\":\"https:\/\/ponovnouporabi.si\/#website\",\"url\":\"https:\/\/ponovnouporabi.si\/\",\"name\":\"Centro Oggetti Recuperabili\",\"description\":\"Lep\u0161e kot prinese\u0161, lep\u0161e tudi odnese\u0161\",\"publisher\":{\"@id\":\"https:\/\/ponovnouporabi.si\/#organization\"},\"potentialAction\":[{\"@type\":\"SearchAction\",\"target\":{\"@type\":\"EntryPoint\",\"urlTemplate\":\"https:\/\/ponovnouporabi.si\/?s={search_term_string}\"},\"query-input\":{\"@type\":\"PropertyValueSpecification\",\"valueRequired\":true,\"valueName\":\"search_term_string\"}}],\"inLanguage\":\"it-IT\"},{\"@type\":\"Organization\",\"@id\":\"https:\/\/ponovnouporabi.si\/#organization\",\"name\":\"Center uporabnih predmetov\",\"url\":\"https:\/\/ponovnouporabi.si\/\",\"logo\":{\"@type\":\"ImageObject\",\"inLanguage\":\"it-IT\",\"@id\":\"https:\/\/ponovnouporabi.si\/#\/schema\/logo\/image\/\",\"url\":\"https:\/\/ponovnouporabi.si\/wp-content\/uploads\/2020\/06\/cup.png\",\"contentUrl\":\"https:\/\/ponovnouporabi.si\/wp-content\/uploads\/2020\/06\/cup.png\",\"width\":512,\"height\":512,\"caption\":\"Center uporabnih predmetov\"},\"image\":{\"@id\":\"https:\/\/ponovnouporabi.si\/#\/schema\/logo\/image\/\"},\"sameAs\":[\"https:\/\/www.instagram.com\/cup_izola\/\"]}]}<\/script>\n<!-- \/ Yoast SEO plugin. -->","yoast_head_json":{"title":"Consegna un oggetto usato &#8226; Centro Oggetti Recuperabili","description":"CUP v MESTU, na Muz\u010devi ulici 7 v Izoli sprejema manj\u0161e predmete za vsakdanjo rabo in sicer:OBLA\u010cILA, ki naj bodo dobro ohranjena, \u010dista in v dobrem","robots":{"index":"index","follow":"follow","max-snippet":"max-snippet:-1","max-image-preview":"max-image-preview:large","max-video-preview":"max-video-preview:-1"},"canonical":"https:\/\/ponovnouporabi.si\/oddaj-rabljen-predmet\/","og_locale":"it_IT","og_type":"article","og_title":"Consegna un oggetto usato &#8226; Centro Oggetti Recuperabili","og_description":"CUP v MESTU, na Muz\u010devi ulici 7 v Izoli sprejema manj\u0161e predmete za vsakdanjo rabo in sicer:OBLA\u010cILA, ki naj bodo dobro ohranjena, \u010dista in v dobrem","og_url":"https:\/\/ponovnouporabi.si\/oddaj-rabljen-predmet\/","og_site_name":"Centro Oggetti Recuperabili","article_modified_time":"2020-06-01T11:42:34+00:00","og_image":[{"width":732,"height":428,"url":"https:\/\/ponovnouporabi.si\/wp-content\/uploads\/2019\/09\/bg2.png","type":"image\/png"}],"twitter_card":"summary_large_image","twitter_misc":{"Tempo di lettura stimato":"3 minuti"},"schema":{"@context":"https:\/\/schema.org","@graph":[{"@type":"WebPage","@id":"https:\/\/ponovnouporabi.si\/oddaj-rabljen-predmet\/","url":"https:\/\/ponovnouporabi.si\/oddaj-rabljen-predmet\/","name":"Consegna un oggetto usato &#8226; Centro Oggetti Recuperabili","isPartOf":{"@id":"https:\/\/ponovnouporabi.si\/#website"},"datePublished":"2019-08-31T13:32:05+00:00","dateModified":"2020-06-01T11:42:34+00:00","description":"CUP v MESTU, na Muz\u010devi ulici 7 v Izoli sprejema manj\u0161e predmete za vsakdanjo rabo in sicer:OBLA\u010cILA, ki naj bodo dobro ohranjena, \u010dista in v dobrem","breadcrumb":{"@id":"https:\/\/ponovnouporabi.si\/oddaj-rabljen-predmet\/#breadcrumb"},"inLanguage":"it-IT","potentialAction":[{"@type":"ReadAction","target":["https:\/\/ponovnouporabi.si\/oddaj-rabljen-predmet\/"]}]},{"@type":"BreadcrumbList","@id":"https:\/\/ponovnouporabi.si\/oddaj-rabljen-predmet\/#breadcrumb","itemListElement":[{"@type":"ListItem","position":1,"name":"Home","item":"https:\/\/ponovnouporabi.si\/"},{"@type":"ListItem","position":2,"name":"Consegna un oggetto usato"}]},{"@type":"WebSite","@id":"https:\/\/ponovnouporabi.si\/#website","url":"https:\/\/ponovnouporabi.si\/","name":"Centro Oggetti Recuperabili","description":"Lep\u0161e kot prinese\u0161, lep\u0161e tudi odnese\u0161","publisher":{"@id":"https:\/\/ponovnouporabi.si\/#organization"},"potentialAction":[{"@type":"SearchAction","target":{"@type":"EntryPoint","urlTemplate":"https:\/\/ponovnouporabi.si\/?s={search_term_string}"},"query-input":{"@type":"PropertyValueSpecification","valueRequired":true,"valueName":"search_term_string"}}],"inLanguage":"it-IT"},{"@type":"Organization","@id":"https:\/\/ponovnouporabi.si\/#organization","name":"Center uporabnih predmetov","url":"https:\/\/ponovnouporabi.si\/","logo":{"@type":"ImageObject","inLanguage":"it-IT","@id":"https:\/\/ponovnouporabi.si\/#\/schema\/logo\/image\/","url":"https:\/\/ponovnouporabi.si\/wp-content\/uploads\/2020\/06\/cup.png","contentUrl":"https:\/\/ponovnouporabi.si\/wp-content\/uploads\/2020\/06\/cup.png","width":512,"height":512,"caption":"Center uporabnih predmetov"},"image":{"@id":"https:\/\/ponovnouporabi.si\/#\/schema\/logo\/image\/"},"sameAs":["https:\/\/www.instagram.com\/cup_izola\/"]}]}},"_links":{"self":[{"href":"https:\/\/ponovnouporabi.si\/it\/wp-json\/wp\/v2\/pages\/801","targetHints":{"allow":["GET"]}}],"collection":[{"href":"https:\/\/ponovnouporabi.si\/it\/wp-json\/wp\/v2\/pages"}],"about":[{"href":"https:\/\/ponovnouporabi.si\/it\/wp-json\/wp\/v2\/types\/page"}],"author":[{"embeddable":true,"href":"https:\/\/ponovnouporabi.si\/it\/wp-json\/wp\/v2\/users\/12"}],"replies":[{"embeddable":true,"href":"https:\/\/ponovnouporabi.si\/it\/wp-json\/wp\/v2\/comments?post=801"}],"version-history":[{"count":0,"href":"https:\/\/ponovnouporabi.si\/it\/wp-json\/wp\/v2\/pages\/801\/revisions"}],"wp:attachment":[{"href":"https:\/\/ponovnouporabi.si\/it\/wp-json\/wp\/v2\/media?parent=801"}],"curies":[{"name":"wp","href":"https:\/\/api.w.org\/{rel}","templated":true}]}}