{"id":782,"date":"2019-04-04T15:04:18","date_gmt":"2019-04-04T13:04:18","guid":{"rendered":"https:\/\/ponovnouporabi.si\/blankcake\/"},"modified":"2020-06-01T15:28:39","modified_gmt":"2020-06-01T13:28:39","slug":"blankcake","status":"publish","type":"page","link":"https:\/\/ponovnouporabi.si\/it\/","title":{"rendered":"Centro Oggetti Recuperabili"},"content":{"rendered":"<p><section class=\"kc-elm kc_row\"><div class=\" container\"><div class=\"row\"><div class=\"kc-elm column col-12 col-sm-12\"><div class=\"kc-col-container\"><div class=\"kc-elm row\"><div class=\"kc-elm column_inner col-12 col-sm-12\"><div class=\"kc_wrapper kc-col-inner-container\"><div class=\"kc-elm row\"><div class=\"kc-elm column_inner col-12 col-sm-12\"><div class=\"kc_wrapper kc-col-inner-container\">\n<div class=\"kc-elm kc-title-wrap \">\n\n\t<h1 class=\"kc_title\">The Title<\/h1>\n<\/div>\n<div class=\"kc-elm kc_text_block\"><\/p>\n<p>Operiamo in 2 modi:<\/p>\n<p>\n<\/div><\/div><\/div><\/div><div class=\"kc-elm kc_shortcode kc_single_image\">\n\n        <img decoding=\"async\" src=\"https:\/\/ponovnouporabi.si\/wp-content\/uploads\/2019\/08\/bg.jpg\" class=\"\" alt=\"\" \/>    <\/div>\n<div class=\"kc-elm kc_shortcode kc_single_image\">\n\n        <img decoding=\"async\" src=\"https:\/\/ponovnouporabi.si\/wp-content\/uploads\/2019\/08\/bg.jpg\" class=\"\" alt=\"\" \/>    <\/div>\n<\/div><\/div><\/div><\/div><\/div><\/div><\/div><\/section><section class=\"kc-elm kc_row\"><div class=\" container\"><div class=\"row\"><div class=\"kc-elm column col-12 col-sm-12\"><div class=\"kc-col-container\"><div class=\"kc-elm row\"><div class=\"kc-elm column_inner col-12 col-sm-12\"><div class=\"kc_wrapper kc-col-inner-container\">\n<div class=\"kc-elm kc-title-wrap \">\n\n\t<h1 class=\"kc_title\">The Title<\/h1>\n<\/div>\n<div class=\"clear\"><\/div>\n<div class=\"mod-id- kc-elm kc-raw-code emigma-icon-box-outer\">\n    <div class=\"layout-grid-3\">\n            <\/div>\n<\/div>\n\n\n\n<div class=\"clear\"><\/div>\n\n<div class=\"kc-elm\">\n\t<a class=\"kc_button\" href=\"#\" onclick=\"\">\n\t\tText Button\t<\/a>\n<\/div>\n<\/div><\/div><\/div><div class=\"kc-elm kc-raw-code\">Sample Code<\/div><\/div><\/div><div class=\"kc-elm column col-12 col-sm-12\"><div class=\"kc-col-container\"><div class=\"kc-elm row\"><div class=\"kc-elm column_inner col-12 col-sm-12\"><div class=\"kc_wrapper kc-col-inner-container\">\n<div class=\"kc-elm kc-title-wrap \">\n\n\t<h1 class=\"kc_title\">The Title<\/h1>\n<\/div>\n<div class=\"clear\"><\/div>\n<div class=\"mod-id- kc-elm kc-raw-code emigma-icon-box-outer\">\n    <div class=\"layout-grid-3\">\n            <\/div>\n<\/div>\n\n\n\n<div class=\"clear\"><\/div>\n\n<div class=\"kc-elm\">\n\t<a class=\"kc_button\" href=\"#\" onclick=\"\">\n\t\tText Button\t<\/a>\n<\/div>\n<\/div><\/div><\/div><\/div><\/div><\/div><\/div><\/section><section class=\"kc-elm kc_row\"><div class=\" container\"><div class=\"row\"><div class=\"kc-elm column col-12 col-sm-12\"><div class=\"kc-col-container\"><div class=\"kc-elm kc-raw-code\">Sample Code<\/div><\/div><\/div><div class=\"kc-elm column col-12 col-sm-12\"><div class=\"kc-col-container\">\n<div class=\"kc-elm kc-title-wrap \">\n\n\t<h1 class=\"kc_title\">The Title<\/h1>\n<\/div>\n\n<div class=\"kc-elm kc-title-wrap \">\n\n\t<h1 class=\"kc_title\">The Title<\/h1>\n<\/div>\n<div class=\"kc-elm kc_text_block\"><\/p>\n<p>Sinergia tra musica e ambiente. Il brano \u00e8 stato composto nell\u2019ambito del progetto promosso dall\u2019azienda Komunala Isola in cooperazione con l\u2019Associazione Kup kultura, la Scuola Elementare Vojka \u0160muc, la Scuola Elementare Livade, la Scuola Elementare Dante Alighieri e Drill, il cantante rap.<\/p>\n<p>\n<\/div><\/div><\/div><\/div><\/div><\/section><section class=\"kc-elm kc_row\"><div class=\" container\"><div class=\"row\"><div class=\"kc-elm column col-12 col-sm-12\"><div class=\"kc-col-container\"><div class=\"kc-elm row\"><div class=\"kc-elm column_inner col-12 col-sm-12\"><div class=\"kc_wrapper kc-col-inner-container\">\n<div class=\"kc-elm kc-title-wrap \">\n\n\t<h1 class=\"kc_title\">The Title<\/h1>\n<\/div>\n<div class=\"kc-elm kc_text_block\"><\/p>\n<p>\nTutti gli oggetti consegnati al Centro vengono valutati in base a tre criteri:<\/p>\n<p>\n<\/div><\/div><\/div><\/div><\/div><\/div><\/div><\/div><\/section><section class=\"kc-elm kc_row\"><div class=\" container\"><div class=\"row\"><div class=\"kc-elm column col-12 col-sm-12\"><div class=\"kc-col-container\"><div class=\"clear\"><\/div>\n<div class=\"mod-id- kc-elm kc-raw-code emigma-icon-box-outer\">\n    <div class=\"layout-grid-3\">\n            <\/div>\n<\/div>\n\n\n\n<div class=\"clear\"><\/div>\n<\/div><\/div><\/div><\/div><\/section><section class=\"kc-elm kc_row\"><div class=\" container\"><div class=\"row\"><div class=\"kc-elm column col-12 col-sm-12\"><div class=\"kc-col-container\"><div class=\"clear\"><\/div>\n<div class=\"mod-id- kc-elm kc-raw-code emigma-section-intro-outer\">\n    <div class=\"row\">\n        <div class=\"col-12 d-flex align-items-center justify-content-start justify-content-md-center flex-column\">\n\t        <p class=\"mb-0\"><\/p>            <div class=\"d-flex align-items-center flex-row ml-md-3\">\n                <i class=\"fas fa-arrow-right\"><\/i>\n                <a href=\"\" class=\"btn-min ml-1\"><\/a>\n            <\/div>\n        <\/div>\n    <\/div>\n<\/div>\n<div class=\"clear\"><\/div>\n<div class=\"kc-elm kc-raw-code\">Sample Code<\/div><div class=\"clear\"><\/div>\r\n<div class=\"mod-id-\">\r\n\r\n\t\r\n\t\t\n<section class=\"no-results not-found\">\n\n\t<header class=\"page-header\">\n\n\t\t<h1 class=\"page-title my-0\">Nothing Found<\/h1>\n\n\t<\/header><!-- .page-header -->\n\n\t<div class=\"page-content\">\n\n\t\t\n\t\t\t<p>It seems we can&rsquo;t find what you&rsquo;re looking for. Perhaps searching can help.<\/p>\n\t\t\t<form method=\"get\" id=\"searchform\" action=\"https:\/\/ponovnouporabi.si\/it\/\" role=\"search\">\n    <label class=\"assistive-text d-none\" for=\"s\">Search<\/label>\n    <div class=\"input-group\">\n        <input class=\"field form-control\" id=\"search-query-input\" name=\"s\" type=\"text\"\n               placeholder=\"Start your search by typing something here\" value=\"\">\n        <span class=\"input-group-append\">\n<!--\t\t\t<input class=\"submit btn btn-primary\" id=\"searchsubmit\" name=\"submit\" type=\"submit\"-->\n            <!--\t\t\tvalue=\"--><!--\">-->\n\t    <\/span>\n    <\/div>\n<\/form>\n\t<\/div><!-- .page-content -->\n\n<\/section><!-- .no-results -->\n\r\n\t\r\n<\/div>\r\n\r\n\r\n\r\n<div class=\"clear\"><\/div>\r\n\r\n\r\n\r\n\r\n<\/div><\/div><\/div><\/div><\/section><section class=\"kc-elm kc_row\"><div class=\" container\"><div class=\"row\"><div class=\"kc-elm column col-12 col-sm-12\"><div class=\"kc-col-container\"><div class=\"clear\"><\/div>\n<div class=\"mod-id- kc-elm kc-raw-code emigma-section-intro-outer\">\n    <div class=\"row\">\n        <div class=\"col-12 d-flex align-items-center justify-content-start justify-content-md-center flex-column\">\n\t        <p class=\"mb-0\"><\/p>            <div class=\"d-flex align-items-center flex-row ml-md-3\">\n                <i class=\"fas fa-arrow-right\"><\/i>\n                <a href=\"\" class=\"btn-min ml-1\"><\/a>\n            <\/div>\n        <\/div>\n    <\/div>\n<\/div>\n<div class=\"clear\"><\/div>\n<div class=\"kc-elm row\"><div class=\"kc-elm column_inner col-12 col-sm-12\"><div class=\"kc_wrapper kc-col-inner-container\"><div class=\"clear\"><\/div>\r\n<div class=\"mod-id-\">\r\n\r\n\t\r\n\t\t\n<section class=\"no-results not-found\">\n\n\t<header class=\"page-header\">\n\n\t\t<h1 class=\"page-title my-0\">Nothing Found<\/h1>\n\n\t<\/header><!-- .page-header -->\n\n\t<div class=\"page-content\">\n\n\t\t\n\t\t\t<p>It seems we can&rsquo;t find what you&rsquo;re looking for. Perhaps searching can help.<\/p>\n\t\t\t<form method=\"get\" id=\"searchform\" action=\"https:\/\/ponovnouporabi.si\/it\/\" role=\"search\">\n    <label class=\"assistive-text d-none\" for=\"s\">Search<\/label>\n    <div class=\"input-group\">\n        <input class=\"field form-control\" id=\"search-query-input\" name=\"s\" type=\"text\"\n               placeholder=\"Start your search by typing something here\" value=\"\">\n        <span class=\"input-group-append\">\n<!--\t\t\t<input class=\"submit btn btn-primary\" id=\"searchsubmit\" name=\"submit\" type=\"submit\"-->\n            <!--\t\t\tvalue=\"--><!--\">-->\n\t    <\/span>\n    <\/div>\n<\/form>\n\t<\/div><!-- .page-content -->\n\n<\/section><!-- .no-results -->\n\r\n\t\r\n<\/div>\r\n\r\n\r\n\r\n<div class=\"clear\"><\/div>\r\n\r\n\r\n\r\n\r\n<\/div><\/div><div class=\"kc-elm column_inner col-12 col-sm-12\"><div class=\"kc_wrapper kc-col-inner-container\"><div class=\"clear\"><\/div>\r\n<div class=\"mod-id-\">\r\n\r\n\t\r\n\t\t\n<section class=\"no-results not-found\">\n\n\t<header class=\"page-header\">\n\n\t\t<h1 class=\"page-title my-0\">Nothing Found<\/h1>\n\n\t<\/header><!-- .page-header -->\n\n\t<div class=\"page-content\">\n\n\t\t\n\t\t\t<p>It seems we can&rsquo;t find what you&rsquo;re looking for. Perhaps searching can help.<\/p>\n\t\t\t<form method=\"get\" id=\"searchform\" action=\"https:\/\/ponovnouporabi.si\/it\/\" role=\"search\">\n    <label class=\"assistive-text d-none\" for=\"s\">Search<\/label>\n    <div class=\"input-group\">\n        <input class=\"field form-control\" id=\"search-query-input\" name=\"s\" type=\"text\"\n               placeholder=\"Start your search by typing something here\" value=\"\">\n        <span class=\"input-group-append\">\n<!--\t\t\t<input class=\"submit btn btn-primary\" id=\"searchsubmit\" name=\"submit\" type=\"submit\"-->\n            <!--\t\t\tvalue=\"--><!--\">-->\n\t    <\/span>\n    <\/div>\n<\/form>\n\t<\/div><!-- .page-content -->\n\n<\/section><!-- .no-results -->\n\r\n\t\r\n<\/div>\r\n\r\n\r\n\r\n<div class=\"clear\"><\/div>\r\n\r\n\r\n\r\n\r\n<\/div><\/div><\/div><\/div><\/div><\/div><\/div><\/section><\/p>\n","protected":false},"excerpt":{"rendered":"","protected":false},"author":12,"featured_media":784,"parent":0,"menu_order":0,"comment_status":"closed","ping_status":"closed","template":"","meta":{"_acf_changed":false,"footnotes":""},"class_list":["post-782","page","type-page","status-publish","has-post-thumbnail","hentry"],"acf":[],"yoast_head":"<!-- This site is optimized with the Yoast SEO plugin v26.8 - https:\/\/yoast.com\/product\/yoast-seo-wordpress\/ -->\n<title>Centro Oggetti Recuperabili &#8226; Centro Oggetti Recuperabili<\/title>\n<meta name=\"description\" content=\"The TitleOperiamo in 2 modi: The Title Text Button Sample Code The Title Text Button Sample Code The Title The TitleSinergia tra musica e ambiente. Il\" \/>\n<meta name=\"robots\" content=\"index, follow, max-snippet:-1, max-image-preview:large, max-video-preview:-1\" \/>\n<link rel=\"canonical\" href=\"https:\/\/ponovnouporabi.si\/\" \/>\n<meta property=\"og:locale\" content=\"it_IT\" \/>\n<meta property=\"og:type\" content=\"article\" \/>\n<meta property=\"og:title\" content=\"Centro Oggetti Recuperabili &#8226; Centro Oggetti Recuperabili\" \/>\n<meta property=\"og:description\" content=\"The TitleOperiamo in 2 modi: The Title Text Button Sample Code The Title Text Button Sample Code The Title The TitleSinergia tra musica e ambiente. Il\" \/>\n<meta property=\"og:url\" content=\"https:\/\/ponovnouporabi.si\/\" \/>\n<meta property=\"og:site_name\" content=\"Centro Oggetti Recuperabili\" \/>\n<meta property=\"article:modified_time\" content=\"2020-06-01T13:28:39+00:00\" \/>\n<meta property=\"og:image\" content=\"https:\/\/ponovnouporabi.si\/wp-content\/uploads\/2019\/08\/bg.jpg\" \/>\n\t<meta property=\"og:image:width\" content=\"1920\" \/>\n\t<meta property=\"og:image:height\" content=\"500\" \/>\n\t<meta property=\"og:image:type\" content=\"image\/jpeg\" \/>\n<meta name=\"twitter:card\" content=\"summary_large_image\" \/>\n<meta name=\"twitter:label1\" content=\"Tempo di lettura stimato\" \/>\n\t<meta name=\"twitter:data1\" content=\"1 minuto\" \/>\n<script type=\"application\/ld+json\" class=\"yoast-schema-graph\">{\"@context\":\"https:\/\/schema.org\",\"@graph\":[{\"@type\":\"WebPage\",\"@id\":\"https:\/\/ponovnouporabi.si\/\",\"url\":\"https:\/\/ponovnouporabi.si\/\",\"name\":\"Centro Oggetti Recuperabili &#8226; Centro Oggetti Recuperabili\",\"isPartOf\":{\"@id\":\"https:\/\/ponovnouporabi.si\/#website\"},\"primaryImageOfPage\":{\"@id\":\"https:\/\/ponovnouporabi.si\/#primaryimage\"},\"image\":{\"@id\":\"https:\/\/ponovnouporabi.si\/#primaryimage\"},\"thumbnailUrl\":\"https:\/\/ponovnouporabi.si\/wp-content\/uploads\/2019\/08\/bg.jpg\",\"datePublished\":\"2019-04-04T13:04:18+00:00\",\"dateModified\":\"2020-06-01T13:28:39+00:00\",\"description\":\"The TitleOperiamo in 2 modi: The Title Text Button Sample Code The Title Text Button Sample Code The Title The TitleSinergia tra musica e ambiente. Il\",\"breadcrumb\":{\"@id\":\"https:\/\/ponovnouporabi.si\/#breadcrumb\"},\"inLanguage\":\"it-IT\",\"potentialAction\":[{\"@type\":\"ReadAction\",\"target\":[\"https:\/\/ponovnouporabi.si\/\"]}]},{\"@type\":\"ImageObject\",\"inLanguage\":\"it-IT\",\"@id\":\"https:\/\/ponovnouporabi.si\/#primaryimage\",\"url\":\"https:\/\/ponovnouporabi.si\/wp-content\/uploads\/2019\/08\/bg.jpg\",\"contentUrl\":\"https:\/\/ponovnouporabi.si\/wp-content\/uploads\/2019\/08\/bg.jpg\",\"width\":1920,\"height\":500},{\"@type\":\"BreadcrumbList\",\"@id\":\"https:\/\/ponovnouporabi.si\/#breadcrumb\",\"itemListElement\":[{\"@type\":\"ListItem\",\"position\":1,\"name\":\"Home\",\"item\":\"https:\/\/ponovnouporabi.si\/\"},{\"@type\":\"ListItem\",\"position\":2,\"name\":\"Centro Oggetti Recuperabili\"}]},{\"@type\":\"WebSite\",\"@id\":\"https:\/\/ponovnouporabi.si\/#website\",\"url\":\"https:\/\/ponovnouporabi.si\/\",\"name\":\"Centro Oggetti Recuperabili\",\"description\":\"Lep\u0161e kot prinese\u0161, lep\u0161e tudi odnese\u0161\",\"publisher\":{\"@id\":\"https:\/\/ponovnouporabi.si\/#organization\"},\"potentialAction\":[{\"@type\":\"SearchAction\",\"target\":{\"@type\":\"EntryPoint\",\"urlTemplate\":\"https:\/\/ponovnouporabi.si\/?s={search_term_string}\"},\"query-input\":{\"@type\":\"PropertyValueSpecification\",\"valueRequired\":true,\"valueName\":\"search_term_string\"}}],\"inLanguage\":\"it-IT\"},{\"@type\":\"Organization\",\"@id\":\"https:\/\/ponovnouporabi.si\/#organization\",\"name\":\"Center uporabnih predmetov\",\"url\":\"https:\/\/ponovnouporabi.si\/\",\"logo\":{\"@type\":\"ImageObject\",\"inLanguage\":\"it-IT\",\"@id\":\"https:\/\/ponovnouporabi.si\/#\/schema\/logo\/image\/\",\"url\":\"https:\/\/ponovnouporabi.si\/wp-content\/uploads\/2020\/06\/cup.png\",\"contentUrl\":\"https:\/\/ponovnouporabi.si\/wp-content\/uploads\/2020\/06\/cup.png\",\"width\":512,\"height\":512,\"caption\":\"Center uporabnih predmetov\"},\"image\":{\"@id\":\"https:\/\/ponovnouporabi.si\/#\/schema\/logo\/image\/\"},\"sameAs\":[\"https:\/\/www.instagram.com\/cup_izola\/\"]}]}<\/script>\n<!-- \/ Yoast SEO plugin. -->","yoast_head_json":{"title":"Centro Oggetti Recuperabili &#8226; Centro Oggetti Recuperabili","description":"The TitleOperiamo in 2 modi: The Title Text Button Sample Code The Title Text Button Sample Code The Title The TitleSinergia tra musica e ambiente. Il","robots":{"index":"index","follow":"follow","max-snippet":"max-snippet:-1","max-image-preview":"max-image-preview:large","max-video-preview":"max-video-preview:-1"},"canonical":"https:\/\/ponovnouporabi.si\/","og_locale":"it_IT","og_type":"article","og_title":"Centro Oggetti Recuperabili &#8226; Centro Oggetti Recuperabili","og_description":"The TitleOperiamo in 2 modi: The Title Text Button Sample Code The Title Text Button Sample Code The Title The TitleSinergia tra musica e ambiente. Il","og_url":"https:\/\/ponovnouporabi.si\/","og_site_name":"Centro Oggetti Recuperabili","article_modified_time":"2020-06-01T13:28:39+00:00","og_image":[{"width":1920,"height":500,"url":"https:\/\/ponovnouporabi.si\/wp-content\/uploads\/2019\/08\/bg.jpg","type":"image\/jpeg"}],"twitter_card":"summary_large_image","twitter_misc":{"Tempo di lettura stimato":"1 minuto"},"schema":{"@context":"https:\/\/schema.org","@graph":[{"@type":"WebPage","@id":"https:\/\/ponovnouporabi.si\/","url":"https:\/\/ponovnouporabi.si\/","name":"Centro Oggetti Recuperabili &#8226; Centro Oggetti Recuperabili","isPartOf":{"@id":"https:\/\/ponovnouporabi.si\/#website"},"primaryImageOfPage":{"@id":"https:\/\/ponovnouporabi.si\/#primaryimage"},"image":{"@id":"https:\/\/ponovnouporabi.si\/#primaryimage"},"thumbnailUrl":"https:\/\/ponovnouporabi.si\/wp-content\/uploads\/2019\/08\/bg.jpg","datePublished":"2019-04-04T13:04:18+00:00","dateModified":"2020-06-01T13:28:39+00:00","description":"The TitleOperiamo in 2 modi: The Title Text Button Sample Code The Title Text Button Sample Code The Title The TitleSinergia tra musica e ambiente. Il","breadcrumb":{"@id":"https:\/\/ponovnouporabi.si\/#breadcrumb"},"inLanguage":"it-IT","potentialAction":[{"@type":"ReadAction","target":["https:\/\/ponovnouporabi.si\/"]}]},{"@type":"ImageObject","inLanguage":"it-IT","@id":"https:\/\/ponovnouporabi.si\/#primaryimage","url":"https:\/\/ponovnouporabi.si\/wp-content\/uploads\/2019\/08\/bg.jpg","contentUrl":"https:\/\/ponovnouporabi.si\/wp-content\/uploads\/2019\/08\/bg.jpg","width":1920,"height":500},{"@type":"BreadcrumbList","@id":"https:\/\/ponovnouporabi.si\/#breadcrumb","itemListElement":[{"@type":"ListItem","position":1,"name":"Home","item":"https:\/\/ponovnouporabi.si\/"},{"@type":"ListItem","position":2,"name":"Centro Oggetti Recuperabili"}]},{"@type":"WebSite","@id":"https:\/\/ponovnouporabi.si\/#website","url":"https:\/\/ponovnouporabi.si\/","name":"Centro Oggetti Recuperabili","description":"Lep\u0161e kot prinese\u0161, lep\u0161e tudi odnese\u0161","publisher":{"@id":"https:\/\/ponovnouporabi.si\/#organization"},"potentialAction":[{"@type":"SearchAction","target":{"@type":"EntryPoint","urlTemplate":"https:\/\/ponovnouporabi.si\/?s={search_term_string}"},"query-input":{"@type":"PropertyValueSpecification","valueRequired":true,"valueName":"search_term_string"}}],"inLanguage":"it-IT"},{"@type":"Organization","@id":"https:\/\/ponovnouporabi.si\/#organization","name":"Center uporabnih predmetov","url":"https:\/\/ponovnouporabi.si\/","logo":{"@type":"ImageObject","inLanguage":"it-IT","@id":"https:\/\/ponovnouporabi.si\/#\/schema\/logo\/image\/","url":"https:\/\/ponovnouporabi.si\/wp-content\/uploads\/2020\/06\/cup.png","contentUrl":"https:\/\/ponovnouporabi.si\/wp-content\/uploads\/2020\/06\/cup.png","width":512,"height":512,"caption":"Center uporabnih predmetov"},"image":{"@id":"https:\/\/ponovnouporabi.si\/#\/schema\/logo\/image\/"},"sameAs":["https:\/\/www.instagram.com\/cup_izola\/"]}]}},"_links":{"self":[{"href":"https:\/\/ponovnouporabi.si\/it\/wp-json\/wp\/v2\/pages\/782","targetHints":{"allow":["GET"]}}],"collection":[{"href":"https:\/\/ponovnouporabi.si\/it\/wp-json\/wp\/v2\/pages"}],"about":[{"href":"https:\/\/ponovnouporabi.si\/it\/wp-json\/wp\/v2\/types\/page"}],"author":[{"embeddable":true,"href":"https:\/\/ponovnouporabi.si\/it\/wp-json\/wp\/v2\/users\/12"}],"replies":[{"embeddable":true,"href":"https:\/\/ponovnouporabi.si\/it\/wp-json\/wp\/v2\/comments?post=782"}],"version-history":[{"count":0,"href":"https:\/\/ponovnouporabi.si\/it\/wp-json\/wp\/v2\/pages\/782\/revisions"}],"wp:featuredmedia":[{"embeddable":true,"href":"https:\/\/ponovnouporabi.si\/it\/wp-json\/wp\/v2\/media\/784"}],"wp:attachment":[{"href":"https:\/\/ponovnouporabi.si\/it\/wp-json\/wp\/v2\/media?parent=782"}],"curies":[{"name":"wp","href":"https:\/\/api.w.org\/{rel}","templated":true}]}}